{"id":393,"date":"2022-04-18T11:12:07","date_gmt":"2022-04-18T09:12:07","guid":{"rendered":"https:\/\/mumdn2022.mbuniverzitet.edu.rs\/?page_id=393"},"modified":"2022-07-23T13:37:41","modified_gmt":"2022-07-23T11:37:41","slug":"naucni-odbor","status":"publish","type":"page","link":"https:\/\/mumdn2022.mbuniverzitet.edu.rs\/en\/naucni-odbor\/","title":{"rendered":"Scientific Committee"},"content":{"rendered":"<div data-elementor-type=\"wp-page\" data-elementor-id=\"393\" class=\"elementor elementor-393\">\n\t\t\t\t\t\t<section class=\"elementor-section elementor-top-section elementor-element elementor-element-42e727f9 elementor-section-full_width elementor-section-height-default elementor-section-height-default\" data-id=\"42e727f9\" data-element_type=\"section\" data-e-type=\"section\">\n\t\t\t\t\t\t<div class=\"elementor-container elementor-column-gap-default\">\n\t\t\t\t\t<div class=\"elementor-column elementor-col-100 elementor-top-column elementor-element elementor-element-31462830\" data-id=\"31462830\" data-element_type=\"column\" data-e-type=\"column\">\n\t\t\t<div class=\"elementor-widget-wrap elementor-element-populated\">\n\t\t\t\t\t\t<div class=\"elementor-element elementor-element-7e14ac64 elementor-widget elementor-widget-spacer\" data-id=\"7e14ac64\" data-element_type=\"widget\" data-e-type=\"widget\" data-widget_type=\"spacer.default\">\n\t\t\t\t<div class=\"elementor-widget-container\">\n\t\t\t\t\t\t\t<div class=\"elementor-spacer\">\n\t\t\t<div class=\"elementor-spacer-inner\"><\/div>\n\t\t<\/div>\n\t\t\t\t\t\t<\/div>\n\t\t\t\t<\/div>\n\t\t\t\t\t<\/div>\n\t\t<\/div>\n\t\t\t\t\t<\/div>\n\t\t<\/section>\n\t\t\t\t<section class=\"elementor-section elementor-top-section elementor-element elementor-element-19c6000e elementor-section-boxed elementor-section-height-default elementor-section-height-default\" data-id=\"19c6000e\" data-element_type=\"section\" data-e-type=\"section\">\n\t\t\t\t\t\t<div class=\"elementor-container elementor-column-gap-default\">\n\t\t\t\t\t<div class=\"elementor-column elementor-col-50 elementor-top-column elementor-element elementor-element-39d64581\" data-id=\"39d64581\" data-element_type=\"column\" data-e-type=\"column\">\n\t\t\t<div class=\"elementor-widget-wrap elementor-element-populated\">\n\t\t\t\t\t\t<div class=\"elementor-element elementor-element-14084d0c elementor-widget elementor-widget-heading\" data-id=\"14084d0c\" data-element_type=\"widget\" data-e-type=\"widget\" data-widget_type=\"heading.default\">\n\t\t\t\t<div class=\"elementor-widget-container\">\n\t\t\t\t\t<h2 class=\"elementor-heading-title elementor-size-default\">Scientific Committee<\/h2>\t\t\t\t<\/div>\n\t\t\t\t<\/div>\n\t\t\t\t<div class=\"elementor-element elementor-element-3bdd5bd8 elementor-widget elementor-widget-text-editor\" data-id=\"3bdd5bd8\" data-element_type=\"widget\" data-e-type=\"widget\" data-widget_type=\"text-editor.default\">\n\t\t\t\t<div class=\"elementor-widget-container\">\n\t\t\t\t\t\t\t\t\t<ol><li>Professor Nedjo Danilovic, PhD, President of the International Association of Methodologists of Social \nSciences - President of the Scientific Committee.<\/li><li>Academician Kosta \u010cavo\u0161ki, PhD, President of the Academic Board of Social Sciences, Serbian \nAcademy of Sciences and Arts, Belgrade.<\/li><li>Academician Ljubisa Rakic, PhD, President of the Academic Board for Biomedical Sciences,\nSerbian Academy of Sciences and Arts, Belgrade.<\/li><li>Professor Milija Bogavac, PhD, Founder and owner of MB University, Belgrade.<\/li><li>Professor Tan\u010di\u0107 Dragan, PhD, Director of the Institute of Serbian Culture, Pristina-Leposavic.<\/li><li>Professor Nancy Russo, PhD, Northern Illinois University, SAD, Visiting Researcher, Malm\u00f6\nUniversity, Sweden.<\/li><li>Professor \u0160uvakovi\u0107 Uro\u0161, PhD, University of Belgrade, Faculty of Teacher Education,\nVice President of the Scientific Committee.<\/li><li>Professor Feng Liu, PhD, Business School, Zhejiang Wanli University, Ningbo, China.<\/li><li>Academician, Termiz D\u017eevad, PhD, University of Sarajevo, Faculty of Political Science, Sarajevo.<\/li><li>Professor PhD Regodi\u0107 Du\u0161an, Rector of MB University, Belgrade, Serbia.<\/li><li>Professor Aiwu Guan, PhD, School of Management, Jiangsu University, Zhenjiang, China<\/li><li>Scientific Adviser Vojislav Babic, University of Belgrade, Institute for Sociological Research, Belgrade, \nSerbia.<\/li><li>Professor Artur Genadievich Bezverkhov, PhD of Laws, Director of the Legal Research Institute\nof Samara National University \"S.P. Koreleva\", Honored Lawyer of the Russian Federation.<\/li><li>Scientific Adviser Blagojevic Srdjan, PhD, Dean of the Military Academy of the University of Defense, \nBelgrade, Serbia - Secretary of the Scientific Committee.<\/li><li>Academician Wofgang Rohrbach, PhD, Danube University Krems, Austrija.<\/li><li>Professor Dzhatiev Vladimir, PhD, Russian Academy of Advocacy and Notary, Moscow.<\/li><li>Professor Emeritus Zelenika Ratko, PhD, University of Rijeka, Rijeka, Croatia.<\/li><li>Scientific Adviser, Professor Brankovic Srbobran, PhD, Gallup Institute, Belgrade, Serbia.<\/li><li>Professor Halmi Aleksandar, PhD, University of Zadar, Zadar, Croatia.<\/li><li>Professor Milosavljevic Milisav, PhD, University of Belgrade, Faculty of Political Science, Serbia.<\/li><li>Professor Kekenovski Jove, PhD, University \"St. Kliment Ohridski \u201d- Bitola, Faculty of Tourism and \nHospitality Management, Ohrid, Northern Macedonia.<\/li><li>Professor Boris Krivokapi\u0107, , PHD, MB University, Faculty of Business and Law, Belgrade, Serbia;<\/li><li>Academic Professor Terzijev Venelin, PhD, Russian Academy of Natural History, Moscow, Russia, \nVasil Levski National Military University, Veliko Trnovo, Bulgaria University of Rousse, Rousse, Bulgaria.<\/li><li>Professor Mila\u0161inovi\u0107 Sr\u0111an, PhD, Police Academy, Belgrade, Serbia.<\/li><li>Scientific Adviser Jasmina Ahmetovi\u0107, PhD, Institute of Serbian Culture, Pristina - Leposavic, Serbia.<\/li><li>Professor Polona Sprajc, PhD, Faculty of Organizational Sciences, University of Maribor, Kranj, \nSlovenia;<\/li><li>Professor Gordi\u0107 Miodrag, PhD, Union University \"Nikola Tesla\", Belgrade, Serbia.<\/li><li>Professor Sini\u0161a Zari\u0107, PhD, University of Belgrade, Faculty of Economics, Belgrade, Serbia.<\/li><li>Professor Viacheslav Soloviov, PhD, Dobrov Center for Scientific and Technological Potential and \nHistory Studies at the National Academy of Sciences of Ukraine, Kiev, Ukraine.<\/li><li>Professor Dejan Mihajlovic, PhD, Technical University, Monterrey, Nuevo Leon, Mexico.<\/li><li>Senior Research Associate Marija Jeftimijevi\u0107 Mihajlovi\u0107, PhD, Institute for Serbian Culture Pristina -\nLeposavic, Serbia.<\/li><li>Professor Viktorija Nikolajevna Rjapuhina, PhD, Technical University \u201dV. G. Shukhov \u201d, Belgorod, \nBelarus.<\/li><li>Professor Pamu\u010dar Dragan, PhD, University of Defense, Military Academy, Belgrade, Serbia.<\/li><li>Associate Professor Rossana Piccolo, PhD, University of Campania - Luigi Vanvitelli, Italy;<\/li><li>Research Associate Gordan Bojkovi\u0107, PhD, Institute of Serbian Culture, Prishtina - Leposavic.<\/li><\/ol>\t\t\t\t\t\t\t\t<\/div>\n\t\t\t\t<\/div>\n\t\t\t\t\t<\/div>\n\t\t<\/div>\n\t\t\t\t<div class=\"elementor-column elementor-col-50 elementor-top-column elementor-element elementor-element-61d08817\" data-id=\"61d08817\" data-element_type=\"column\" data-e-type=\"column\">\n\t\t\t<div class=\"elementor-widget-wrap elementor-element-populated\">\n\t\t\t\t\t\t<div class=\"elementor-element elementor-element-308dcd5d elementor-widget elementor-widget-sidebar\" data-id=\"308dcd5d\" data-element_type=\"widget\" data-e-type=\"widget\" data-widget_type=\"sidebar.default\">\n\t\t\t\t<div class=\"elementor-widget-container\">\n\t\t\t\t\t<aside id=\"block-2\" class=\"widget widget_block widget_search\"><form role=\"search\" method=\"get\" action=\"https:\/\/mumdn2022.mbuniverzitet.edu.rs\/en\/\" class=\"wp-block-search__button-outside wp-block-search__icon-button wp-block-search\" data-trp-original-action=\"https:\/\/mumdn2022.mbuniverzitet.edu.rs\/en\/\"    ><label class=\"wp-block-search__label screen-reader-text\" for=\"wp-block-search__input-1\" >Search<\/label><div class=\"wp-block-search__inside-wrapper\"  style=\"width: 305px\"><input class=\"wp-block-search__input\" id=\"wp-block-search__input-1\" placeholder=\"\" value=\"\" type=\"search\" name=\"s\" required \/><button aria-label=\"Pretraga\" class=\"wp-block-search__button has-icon wp-element-button\" type=\"submit\" ><svg class=\"search-icon\" viewbox=\"0 0 24 24\" width=\"24\" height=\"24\">\n\t\t\t\t\t<path d=\"M13 5c-3.3 0-6 2.7-6 6 0 1.4.5 2.7 1.3 3.7l-3.8 3.8 1.1 1.1 3.8-3.8c1 .8 2.3 1.3 3.7 1.3 3.3 0 6-2.7 6-6S16.3 5 13 5zm0 10.5c-2.5 0-4.5-2-4.5-4.5s2-4.5 4.5-4.5 4.5 2 4.5 4.5-2 4.5-4.5 4.5z\"><\/path>\n\t\t\t\t<\/svg><\/button><\/div><input type=\"hidden\" name=\"trp-form-language\" value=\"en\"\/><\/form><\/aside>\t\t\t\t<\/div>\n\t\t\t\t<\/div>\n\t\t\t\t\t<\/div>\n\t\t<\/div>\n\t\t\t\t\t<\/div>\n\t\t<\/section>\n\t\t\t\t<section class=\"elementor-section elementor-top-section elementor-element elementor-element-7b6f2e17 elementor-section-full_width elementor-section-height-default elementor-section-height-default\" data-id=\"7b6f2e17\" data-element_type=\"section\" data-e-type=\"section\">\n\t\t\t\t\t\t<div class=\"elementor-container elementor-column-gap-default\">\n\t\t\t\t\t<div class=\"elementor-column elementor-col-100 elementor-top-column elementor-element elementor-element-1a792784\" data-id=\"1a792784\" data-element_type=\"column\" data-e-type=\"column\">\n\t\t\t<div class=\"elementor-widget-wrap elementor-element-populated\">\n\t\t\t\t\t\t<div class=\"elementor-element elementor-element-792295df elementor-widget elementor-widget-spacer\" data-id=\"792295df\" data-element_type=\"widget\" data-e-type=\"widget\" data-widget_type=\"spacer.default\">\n\t\t\t\t<div class=\"elementor-widget-container\">\n\t\t\t\t\t\t\t<div class=\"elementor-spacer\">\n\t\t\t<div class=\"elementor-spacer-inner\"><\/div>\n\t\t<\/div>\n\t\t\t\t\t\t<\/div>\n\t\t\t\t<\/div>\n\t\t\t\t\t<\/div>\n\t\t<\/div>\n\t\t\t\t\t<\/div>\n\t\t<\/section>\n\t\t\t\t<\/div>","protected":false},"excerpt":{"rendered":"<p>Nau\u010dni odbor konferencije dr Ne\u0111o Danilovi\u0107, predsednik Me\u0111unarodnog udru\u017eenja metodologa dru\u0161tvenih nauka \u2013 predsednik nau\u010dnog odbora. Akademik prof. dr Kosta \u010cavo\u0161ki, predsednik Akademijskog odbora dru\u0161tvenih nauke, Srpska akademija nauka i umetnosti, Beograd. Akademik prof. dr Ljubi\u0161a Raki\u0107, predsednik Akademijskog odbora za biomedicinske nauke, Srpska akademija nauka i umetnosti, Beograd. dr Milija Bogavac, osniva\u010d i vlasnik [&hellip;]<\/p>\n","protected":false},"author":1,"featured_media":0,"parent":0,"menu_order":0,"comment_status":"closed","ping_status":"closed","template":"","meta":{"site-sidebar-layout":"no-sidebar","site-content-layout":"page-builder","ast-site-content-layout":"default","site-content-style":"default","site-sidebar-style":"default","ast-global-header-display":"","ast-banner-title-visibility":"","ast-main-header-display":"","ast-hfb-above-header-display":"","ast-hfb-below-header-display":"","ast-hfb-mobile-header-display":"","site-post-title":"disabled","ast-breadcrumbs-content":"","ast-featured-img":"disabled","footer-sml-layout":"","ast-disable-related-posts":"","theme-transparent-header-meta":"","adv-header-id-meta":"","stick-header-meta":"","header-above-stick-meta":"","header-main-stick-meta":"","header-below-stick-meta":"","astra-migrate-meta-layouts":"default","ast-page-background-enabled":"default","ast-page-background-meta":{"desktop":{"background-color":"var(--ast-global-color-4)","background-image":"","background-repeat":"repeat","background-position":"center center","background-size":"auto","background-attachment":"scroll","background-type":"","background-media":"","overlay-type":"","overlay-color":"","overlay-opacity":"","overlay-gradient":""},"tablet":{"background-color":"","background-image":"","background-repeat":"repeat","background-position":"center center","background-size":"auto","background-attachment":"scroll","background-type":"","background-media":"","overlay-type":"","overlay-color":"","overlay-opacity":"","overlay-gradient":""},"mobile":{"background-color":"","background-image":"","background-repeat":"repeat","background-position":"center center","background-size":"auto","background-attachment":"scroll","background-type":"","background-media":"","overlay-type":"","overlay-color":"","overlay-opacity":"","overlay-gradient":""}},"ast-content-background-meta":{"desktop":{"background-color":"var(--ast-global-color-5)","background-image":"","background-repeat":"repeat","background-position":"center center","background-size":"auto","background-attachment":"scroll","background-type":"","background-media":"","overlay-type":"","overlay-color":"","overlay-opacity":"","overlay-gradient":""},"tablet":{"background-color":"var(--ast-global-color-5)","background-image":"","background-repeat":"repeat","background-position":"center center","background-size":"auto","background-attachment":"scroll","background-type":"","background-media":"","overlay-type":"","overlay-color":"","overlay-opacity":"","overlay-gradient":""},"mobile":{"background-color":"var(--ast-global-color-5)","background-image":"","background-repeat":"repeat","background-position":"center center","background-size":"auto","background-attachment":"scroll","background-type":"","background-media":"","overlay-type":"","overlay-color":"","overlay-opacity":"","overlay-gradient":""}},"footnotes":""},"class_list":["post-393","page","type-page","status-publish","hentry"],"_links":{"self":[{"href":"https:\/\/mumdn2022.mbuniverzitet.edu.rs\/en\/wp-json\/wp\/v2\/pages\/393","targetHints":{"allow":["GET"]}}],"collection":[{"href":"https:\/\/mumdn2022.mbuniverzitet.edu.rs\/en\/wp-json\/wp\/v2\/pages"}],"about":[{"href":"https:\/\/mumdn2022.mbuniverzitet.edu.rs\/en\/wp-json\/wp\/v2\/types\/page"}],"author":[{"embeddable":true,"href":"https:\/\/mumdn2022.mbuniverzitet.edu.rs\/en\/wp-json\/wp\/v2\/users\/1"}],"replies":[{"embeddable":true,"href":"https:\/\/mumdn2022.mbuniverzitet.edu.rs\/en\/wp-json\/wp\/v2\/comments?post=393"}],"version-history":[{"count":0,"href":"https:\/\/mumdn2022.mbuniverzitet.edu.rs\/en\/wp-json\/wp\/v2\/pages\/393\/revisions"}],"wp:attachment":[{"href":"https:\/\/mumdn2022.mbuniverzitet.edu.rs\/en\/wp-json\/wp\/v2\/media?parent=393"}],"curies":[{"name":"wp","href":"https:\/\/api.w.org\/{rel}","templated":true}]}}