{"id":74,"date":"2022-04-14T11:37:56","date_gmt":"2022-04-14T09:37:56","guid":{"rendered":"https:\/\/mumdn2022.mbuniverzitet.edu.rs\/?page_id=74"},"modified":"2022-07-22T14:58:42","modified_gmt":"2022-07-22T12:58:42","slug":"uputstva-autorima","status":"publish","type":"page","link":"https:\/\/mumdn2022.mbuniverzitet.edu.rs\/en\/uputstva-autorima\/","title":{"rendered":"Guidelines for Authors"},"content":{"rendered":"<div data-elementor-type=\"wp-page\" data-elementor-id=\"74\" class=\"elementor elementor-74\">\n\t\t\t\t\t\t<section class=\"elementor-section elementor-top-section elementor-element elementor-element-032c946 elementor-section-boxed elementor-section-height-default elementor-section-height-default\" data-id=\"032c946\" data-element_type=\"section\" data-e-type=\"section\">\n\t\t\t\t\t\t<div class=\"elementor-container elementor-column-gap-default\">\n\t\t\t\t\t<div class=\"elementor-column elementor-col-100 elementor-top-column elementor-element elementor-element-12fc18d\" data-id=\"12fc18d\" data-element_type=\"column\" data-e-type=\"column\">\n\t\t\t<div class=\"elementor-widget-wrap elementor-element-populated\">\n\t\t\t\t\t\t<div class=\"elementor-element elementor-element-169e226 elementor-widget elementor-widget-spacer\" data-id=\"169e226\" data-element_type=\"widget\" data-e-type=\"widget\" data-widget_type=\"spacer.default\">\n\t\t\t\t<div class=\"elementor-widget-container\">\n\t\t\t\t\t\t\t<div class=\"elementor-spacer\">\n\t\t\t<div class=\"elementor-spacer-inner\"><\/div>\n\t\t<\/div>\n\t\t\t\t\t\t<\/div>\n\t\t\t\t<\/div>\n\t\t\t\t\t<\/div>\n\t\t<\/div>\n\t\t\t\t\t<\/div>\n\t\t<\/section>\n\t\t\t\t<section class=\"elementor-section elementor-top-section elementor-element elementor-element-ca1f3ea elementor-section-boxed elementor-section-height-default elementor-section-height-default\" data-id=\"ca1f3ea\" data-element_type=\"section\" data-e-type=\"section\">\n\t\t\t\t\t\t<div class=\"elementor-container elementor-column-gap-default\">\n\t\t\t\t\t<div class=\"elementor-column elementor-col-50 elementor-top-column elementor-element elementor-element-297d882\" data-id=\"297d882\" data-element_type=\"column\" data-e-type=\"column\">\n\t\t\t<div class=\"elementor-widget-wrap elementor-element-populated\">\n\t\t\t\t\t\t<div class=\"elementor-element elementor-element-7fc6193 elementor-widget elementor-widget-heading\" data-id=\"7fc6193\" data-element_type=\"widget\" data-e-type=\"widget\" data-widget_type=\"heading.default\">\n\t\t\t\t<div class=\"elementor-widget-container\">\n\t\t\t\t\t<h2 class=\"elementor-heading-title elementor-size-default\">Guidelines for Authors<\/h2>\t\t\t\t<\/div>\n\t\t\t\t<\/div>\n\t\t\t\t<div class=\"elementor-element elementor-element-10a7a68 elementor-widget elementor-widget-text-editor\" data-id=\"10a7a68\" data-element_type=\"widget\" data-e-type=\"widget\" data-widget_type=\"text-editor.default\">\n\t\t\t\t<div class=\"elementor-widget-container\">\n\t\t\t\t\t\t\t\t\t<p><strong>Number of authors per paper: <\/strong>As a rule, each paper can have up to 2 (two) authors. \nOnly in exceptional cases can there be 3 (three) authors.<\/p><p><strong>Number of papers per author: <\/strong>Any author can submit a maximum of 1 (one) paper as single \nauthor and 1 (one) additional paper as co-author.<\/p><p><strong>Information about the author (authors):<\/strong> First footnote must include the following data about the author (authors): title, institution, e-mail address, telephone number.<\/p><p><strong>Languages for submitting papers: <\/strong>Papers can be submitted in English, Russian and Serbian \nlanguages, viz. languages of ex-Yugoslav nations.<\/p><p><strong>Size (extent) of the paper: <\/strong>30.000 characters with spaces (one author sheet).<\/p><p><strong>Abstract, key words, summary: \u00a0<\/strong>The paper is to begin with an abstract in the language the paper \nis written containing up to 200 words. Abstract is to be followed by key words abstract in the \nlanguage the paper is written, with the maximum of 6-8 key words. The final segment of the paper \nis the summary in English, containing up to 200 words.<\/p><p><strong>Technicalities: <\/strong>Word processor to use is Microsoft Word 2007 or later. \nFormat:  A4 (210 mm x 297 mm). Default tab stops:  1 cm All margins:  2.5 cm.<\/p><p><strong>Fonts: <\/strong>Times New Roman<\/p><ul><li><strong>Title<\/strong> Times New Roman 14, Bold, upper case.<\/li><li><strong>Author (s)<\/strong> Times New Roman 12, Bold, lower case.<\/li><li><strong>Abstract, key words, summary<\/strong> \u2013 Times New Roman 10, Regular.<\/li><li><strong>Chapters and subtitles<\/strong> Times New Roman 12, Bold, first and second levels \u2013 upper case,\nother levels \u2013 small case.<\/li><li><strong>Font <\/strong>Times New Roman 12, Regular.<\/li><li><strong>References at the end of the paper<\/strong> Times New Roman 12, Regular.<\/li><li><strong>Footnotes<\/strong> Times New Roman 10, Regular.<\/li><\/ul><p><strong>\u00a0<\/strong><\/p><p><strong>Chapters and subtitles:<\/strong><\/p><p><strong>First level: TITLE<\/strong>, Times New Roman (upper case), Bold, Font 14. Centered<\/p><p><strong>Second level: 1 CHAPTERS OF ISSUES ADDRESSED BY THE PAPER<\/strong>, Times New Roman \n(upper case), Bold, Font 12. Centered<\/p><p><strong>Third level: 1.1 Subtitles under chapters and issues <\/strong>Times New Roman (lower case), Bold, \nFont 12, Centered<\/p><p><strong>Fourth level: <\/strong>1.1.1 Further division under subtitles, Times New Roman (lower case), no Bold, \nFont 12, Centered<\/p><p><strong>\u00a0<\/strong><\/p><p><strong>Razmak (Spacing)<\/strong><\/p><p><strong>Line spacing:<\/strong> always Single<\/p><p><strong>Spacing:<\/strong> Before: 0, After: 0<\/p><p><strong>Paragraphs:<\/strong> Indentation of the paragraphs is 0.5 inches (1.27 cm). There is no blank line between the paragraphs \u2013 the so-called European system of paragraphs. The space between titles and sub-titles is a click on the ENTER key.<\/p><p><strong>\u00a0<\/strong><\/p><p><strong>Submitting the paper<\/strong><\/p><p>Papers can be submitted to the following e-mails:<\/p><p><a href=\"mailto:metodologija.nikola@gmail.com\">metodologija.nikola@gmail.com<\/a><\/p><p><a href=\"mailto:metodolog.dn@gmail.com\">metodolog.dn@gmail.com<\/a><\/p>\t\t\t\t\t\t\t\t<\/div>\n\t\t\t\t<\/div>\n\t\t\t\t\t<\/div>\n\t\t<\/div>\n\t\t\t\t<div class=\"elementor-column elementor-col-50 elementor-top-column elementor-element elementor-element-584ffe6\" data-id=\"584ffe6\" data-element_type=\"column\" data-e-type=\"column\">\n\t\t\t<div class=\"elementor-widget-wrap elementor-element-populated\">\n\t\t\t\t\t\t<div class=\"elementor-element elementor-element-bdf509e elementor-widget elementor-widget-sidebar\" data-id=\"bdf509e\" data-element_type=\"widget\" data-e-type=\"widget\" data-widget_type=\"sidebar.default\">\n\t\t\t\t<div class=\"elementor-widget-container\">\n\t\t\t\t\t<aside id=\"block-2\" class=\"widget widget_block widget_search\"><form role=\"search\" method=\"get\" action=\"https:\/\/mumdn2022.mbuniverzitet.edu.rs\/en\/\" class=\"wp-block-search__button-outside wp-block-search__icon-button wp-block-search\" data-trp-original-action=\"https:\/\/mumdn2022.mbuniverzitet.edu.rs\/en\/\"    ><label class=\"wp-block-search__label screen-reader-text\" for=\"wp-block-search__input-1\" >Search<\/label><div class=\"wp-block-search__inside-wrapper\"  style=\"width: 305px\"><input class=\"wp-block-search__input\" id=\"wp-block-search__input-1\" placeholder=\"\" value=\"\" type=\"search\" name=\"s\" required \/><button aria-label=\"Pretraga\" class=\"wp-block-search__button has-icon wp-element-button\" type=\"submit\" ><svg class=\"search-icon\" viewbox=\"0 0 24 24\" width=\"24\" height=\"24\">\n\t\t\t\t\t<path d=\"M13 5c-3.3 0-6 2.7-6 6 0 1.4.5 2.7 1.3 3.7l-3.8 3.8 1.1 1.1 3.8-3.8c1 .8 2.3 1.3 3.7 1.3 3.3 0 6-2.7 6-6S16.3 5 13 5zm0 10.5c-2.5 0-4.5-2-4.5-4.5s2-4.5 4.5-4.5 4.5 2 4.5 4.5-2 4.5-4.5 4.5z\"><\/path>\n\t\t\t\t<\/svg><\/button><\/div><input type=\"hidden\" name=\"trp-form-language\" value=\"en\"\/><\/form><\/aside>\t\t\t\t<\/div>\n\t\t\t\t<\/div>\n\t\t\t\t\t<\/div>\n\t\t<\/div>\n\t\t\t\t\t<\/div>\n\t\t<\/section>\n\t\t\t\t<section class=\"elementor-section elementor-top-section elementor-element elementor-element-c933e67 elementor-section-boxed elementor-section-height-default elementor-section-height-default\" data-id=\"c933e67\" data-element_type=\"section\" data-e-type=\"section\">\n\t\t\t\t\t\t<div class=\"elementor-container elementor-column-gap-default\">\n\t\t\t\t\t<div class=\"elementor-column elementor-col-100 elementor-top-column elementor-element elementor-element-bd88de8\" data-id=\"bd88de8\" data-element_type=\"column\" data-e-type=\"column\">\n\t\t\t<div class=\"elementor-widget-wrap elementor-element-populated\">\n\t\t\t\t\t\t<div class=\"elementor-element elementor-element-108d92d elementor-widget elementor-widget-spacer\" data-id=\"108d92d\" data-element_type=\"widget\" data-e-type=\"widget\" data-widget_type=\"spacer.default\">\n\t\t\t\t<div class=\"elementor-widget-container\">\n\t\t\t\t\t\t\t<div class=\"elementor-spacer\">\n\t\t\t<div class=\"elementor-spacer-inner\"><\/div>\n\t\t<\/div>\n\t\t\t\t\t\t<\/div>\n\t\t\t\t<\/div>\n\t\t\t\t\t<\/div>\n\t\t<\/div>\n\t\t\t\t\t<\/div>\n\t\t<\/section>\n\t\t\t\t<\/div>","protected":false},"excerpt":{"rendered":"<p>Uputstva autorima Broj autora po radu: Po pravilu svaki rad mo\u017ee imati do 2 (dva) autora. Samo izuzetno mogu biti 3 (tri) autora. Broj radova istog autora: Jedan autor mo\u017ee imati najvi\u0161e 1 (jedan) rad kao jedini autor i jo\u0161 najvi\u0161e 1 (jedan) rad kao koautor. Informacije o autoru (autorima): U prvoj fusnoti moraju biti [&hellip;]<\/p>\n","protected":false},"author":1,"featured_media":0,"parent":0,"menu_order":0,"comment_status":"closed","ping_status":"closed","template":"","meta":{"site-sidebar-layout":"no-sidebar","site-content-layout":"page-builder","ast-site-content-layout":"default","site-content-style":"default","site-sidebar-style":"default","ast-global-header-display":"","ast-banner-title-visibility":"","ast-main-header-display":"","ast-hfb-above-header-display":"","ast-hfb-below-header-display":"","ast-hfb-mobile-header-display":"","site-post-title":"disabled","ast-breadcrumbs-content":"","ast-featured-img":"disabled","footer-sml-layout":"","ast-disable-related-posts":"","theme-transparent-header-meta":"","adv-header-id-meta":"","stick-header-meta":"","header-above-stick-meta":"","header-main-stick-meta":"","header-below-stick-meta":"","astra-migrate-meta-layouts":"default","ast-page-background-enabled":"default","ast-page-background-meta":{"desktop":{"background-color":"var(--ast-global-color-4)","background-image":"","background-repeat":"repeat","background-position":"center center","background-size":"auto","background-attachment":"scroll","background-type":"","background-media":"","overlay-type":"","overlay-color":"","overlay-opacity":"","overlay-gradient":""},"tablet":{"background-color":"","background-image":"","background-repeat":"repeat","background-position":"center center","background-size":"auto","background-attachment":"scroll","background-type":"","background-media":"","overlay-type":"","overlay-color":"","overlay-opacity":"","overlay-gradient":""},"mobile":{"background-color":"","background-image":"","background-repeat":"repeat","background-position":"center center","background-size":"auto","background-attachment":"scroll","background-type":"","background-media":"","overlay-type":"","overlay-color":"","overlay-opacity":"","overlay-gradient":""}},"ast-content-background-meta":{"desktop":{"background-color":"var(--ast-global-color-5)","background-image":"","background-repeat":"repeat","background-position":"center center","background-size":"auto","background-attachment":"scroll","background-type":"","background-media":"","overlay-type":"","overlay-color":"","overlay-opacity":"","overlay-gradient":""},"tablet":{"background-color":"var(--ast-global-color-5)","background-image":"","background-repeat":"repeat","background-position":"center center","background-size":"auto","background-attachment":"scroll","background-type":"","background-media":"","overlay-type":"","overlay-color":"","overlay-opacity":"","overlay-gradient":""},"mobile":{"background-color":"var(--ast-global-color-5)","background-image":"","background-repeat":"repeat","background-position":"center center","background-size":"auto","background-attachment":"scroll","background-type":"","background-media":"","overlay-type":"","overlay-color":"","overlay-opacity":"","overlay-gradient":""}},"footnotes":""},"class_list":["post-74","page","type-page","status-publish","hentry"],"_links":{"self":[{"href":"https:\/\/mumdn2022.mbuniverzitet.edu.rs\/en\/wp-json\/wp\/v2\/pages\/74","targetHints":{"allow":["GET"]}}],"collection":[{"href":"https:\/\/mumdn2022.mbuniverzitet.edu.rs\/en\/wp-json\/wp\/v2\/pages"}],"about":[{"href":"https:\/\/mumdn2022.mbuniverzitet.edu.rs\/en\/wp-json\/wp\/v2\/types\/page"}],"author":[{"embeddable":true,"href":"https:\/\/mumdn2022.mbuniverzitet.edu.rs\/en\/wp-json\/wp\/v2\/users\/1"}],"replies":[{"embeddable":true,"href":"https:\/\/mumdn2022.mbuniverzitet.edu.rs\/en\/wp-json\/wp\/v2\/comments?post=74"}],"version-history":[{"count":0,"href":"https:\/\/mumdn2022.mbuniverzitet.edu.rs\/en\/wp-json\/wp\/v2\/pages\/74\/revisions"}],"wp:attachment":[{"href":"https:\/\/mumdn2022.mbuniverzitet.edu.rs\/en\/wp-json\/wp\/v2\/media?parent=74"}],"curies":[{"name":"wp","href":"https:\/\/api.w.org\/{rel}","templated":true}]}}