{"id":84,"date":"2022-04-14T11:38:45","date_gmt":"2022-04-14T09:38:45","guid":{"rendered":"https:\/\/mumdn2022.mbuniverzitet.edu.rs\/?page_id=84"},"modified":"2022-07-22T14:53:11","modified_gmt":"2022-07-22T12:53:11","slug":"okvirni-program-konferencije","status":"publish","type":"page","link":"https:\/\/mumdn2022.mbuniverzitet.edu.rs\/en\/okvirni-program-konferencije\/","title":{"rendered":"Provisional Conference Program"},"content":{"rendered":"<div data-elementor-type=\"wp-page\" data-elementor-id=\"84\" class=\"elementor elementor-84\">\n\t\t\t\t\t\t<section class=\"elementor-section elementor-top-section elementor-element elementor-element-3264b56 elementor-section-full_width elementor-section-height-default elementor-section-height-default\" data-id=\"3264b56\" data-element_type=\"section\" data-e-type=\"section\">\n\t\t\t\t\t\t<div class=\"elementor-container elementor-column-gap-default\">\n\t\t\t\t\t<div class=\"elementor-column elementor-col-100 elementor-top-column elementor-element elementor-element-abb8714\" data-id=\"abb8714\" data-element_type=\"column\" data-e-type=\"column\">\n\t\t\t<div class=\"elementor-widget-wrap elementor-element-populated\">\n\t\t\t\t\t\t<div class=\"elementor-element elementor-element-f11f16d elementor-widget elementor-widget-spacer\" data-id=\"f11f16d\" data-element_type=\"widget\" data-e-type=\"widget\" data-widget_type=\"spacer.default\">\n\t\t\t\t<div class=\"elementor-widget-container\">\n\t\t\t\t\t\t\t<div class=\"elementor-spacer\">\n\t\t\t<div class=\"elementor-spacer-inner\"><\/div>\n\t\t<\/div>\n\t\t\t\t\t\t<\/div>\n\t\t\t\t<\/div>\n\t\t\t\t\t<\/div>\n\t\t<\/div>\n\t\t\t\t\t<\/div>\n\t\t<\/section>\n\t\t\t\t<section class=\"elementor-section elementor-top-section elementor-element elementor-element-a48698b elementor-section-boxed elementor-section-height-default elementor-section-height-default\" data-id=\"a48698b\" data-element_type=\"section\" data-e-type=\"section\">\n\t\t\t\t\t\t<div class=\"elementor-container elementor-column-gap-default\">\n\t\t\t\t\t<div class=\"elementor-column elementor-col-50 elementor-top-column elementor-element elementor-element-65b883d\" data-id=\"65b883d\" data-element_type=\"column\" data-e-type=\"column\">\n\t\t\t<div class=\"elementor-widget-wrap elementor-element-populated\">\n\t\t\t\t\t\t<div class=\"elementor-element elementor-element-a9cf08d elementor-widget elementor-widget-heading\" data-id=\"a9cf08d\" data-element_type=\"widget\" data-e-type=\"widget\" data-widget_type=\"heading.default\">\n\t\t\t\t<div class=\"elementor-widget-container\">\n\t\t\t\t\t<h2 class=\"elementor-heading-title elementor-size-default\">Provisional Conference Program<\/h2>\t\t\t\t<\/div>\n\t\t\t\t<\/div>\n\t\t\t\t<div class=\"elementor-element elementor-element-0f7e218 elementor-widget elementor-widget-text-editor\" data-id=\"0f7e218\" data-element_type=\"widget\" data-e-type=\"widget\" data-widget_type=\"text-editor.default\">\n\t\t\t\t<div class=\"elementor-widget-container\">\n\t\t\t\t\t\t\t\t\t<h3>Thursday, 13 October 2022<\/h3><p>- arrival of the participants<\/p><p>- accommodation<\/p><p>- free time<\/p><p><strong>\u00a0<\/strong><\/p><h3>Friday, 14 october 2022<\/h3><p>09.00-10.00 \u2013 Registration<\/p><p>10.00-10.20 \u2013 Official Conference opening<\/p><p>10.20-11.30 \u2013 I Plenary session<\/p><p>11.30-11.40 \u2013 Coffee break<\/p><p>11.40-13.00 \u2013 Continuation of the I Plenary session<\/p><p>13.00-13.30 \u2013 Coffee &amp; snack break<\/p><p>13.30-15.00 \u2013 II Plenary session<\/p><p>15.00-15.15 \u2013 Coffee break<\/p><p>15.15-17.30 \u2013 Continuation of the II Plenary session<\/p><p>17.30-17.50 \u2013 End of the working part, Conference conclusions and recommendations<\/p><p>17.50-18.00 \u2013 Official Conference closing<\/p><p>19.00-21.00 \u2013 Formal dinner<\/p><p>21.00-24.00 \u2013 Departure of some participants<\/p><h3>\u00a0<\/h3><h3>Saturday, 15 October 2022<\/h3><p>06.00 \u2013 12.00 \u2013 Departure of participants<\/p>\t\t\t\t\t\t\t\t<\/div>\n\t\t\t\t<\/div>\n\t\t\t\t\t<\/div>\n\t\t<\/div>\n\t\t\t\t<div class=\"elementor-column elementor-col-50 elementor-top-column elementor-element elementor-element-f8b642b\" data-id=\"f8b642b\" data-element_type=\"column\" data-e-type=\"column\">\n\t\t\t<div class=\"elementor-widget-wrap elementor-element-populated\">\n\t\t\t\t\t\t<div class=\"elementor-element elementor-element-b9825c9 elementor-widget elementor-widget-sidebar\" data-id=\"b9825c9\" data-element_type=\"widget\" data-e-type=\"widget\" data-widget_type=\"sidebar.default\">\n\t\t\t\t<div class=\"elementor-widget-container\">\n\t\t\t\t\t<aside id=\"block-2\" class=\"widget widget_block widget_search\"><form role=\"search\" method=\"get\" action=\"https:\/\/mumdn2022.mbuniverzitet.edu.rs\/en\/\" class=\"wp-block-search__button-outside wp-block-search__icon-button wp-block-search\" data-trp-original-action=\"https:\/\/mumdn2022.mbuniverzitet.edu.rs\/en\/\"    ><label class=\"wp-block-search__label screen-reader-text\" for=\"wp-block-search__input-1\" >Search<\/label><div class=\"wp-block-search__inside-wrapper\"  style=\"width: 305px\"><input class=\"wp-block-search__input\" id=\"wp-block-search__input-1\" placeholder=\"\" value=\"\" type=\"search\" name=\"s\" required \/><button aria-label=\"Pretraga\" class=\"wp-block-search__button has-icon wp-element-button\" type=\"submit\" ><svg class=\"search-icon\" viewbox=\"0 0 24 24\" width=\"24\" height=\"24\">\n\t\t\t\t\t<path d=\"M13 5c-3.3 0-6 2.7-6 6 0 1.4.5 2.7 1.3 3.7l-3.8 3.8 1.1 1.1 3.8-3.8c1 .8 2.3 1.3 3.7 1.3 3.3 0 6-2.7 6-6S16.3 5 13 5zm0 10.5c-2.5 0-4.5-2-4.5-4.5s2-4.5 4.5-4.5 4.5 2 4.5 4.5-2 4.5-4.5 4.5z\"><\/path>\n\t\t\t\t<\/svg><\/button><\/div><input type=\"hidden\" name=\"trp-form-language\" value=\"en\"\/><\/form><\/aside>\t\t\t\t<\/div>\n\t\t\t\t<\/div>\n\t\t\t\t\t<\/div>\n\t\t<\/div>\n\t\t\t\t\t<\/div>\n\t\t<\/section>\n\t\t\t\t<\/div>","protected":false},"excerpt":{"rendered":"<p>Okvirni program konferencije 13. oktobar 2022, \u010detvrtak &#8211; dolazak u\u010desnika &#8211; sme\u0161taj u\u010desnika &#8211; slobodno ve\u010de \u00a0 14. oktobar 2022. godine, petak 09.00-10.00 \u2013 akreditovanje u\u010desnika konferencije 10.00-10.20 \u2013 sve\u010dano otvaranje i pozdravljanje u\u010desnika Konferencije 10.20-11.30 \u2013 Prva plenarna sesija 11.30-11.40 \u2013 Kafe pauza 11.40-13.00 \u2013 Nastavak plenarne sesije 13.00-13.30 \u2013 Kafe pauza i poslu\u017eenje [&hellip;]<\/p>\n","protected":false},"author":1,"featured_media":0,"parent":0,"menu_order":0,"comment_status":"closed","ping_status":"closed","template":"","meta":{"site-sidebar-layout":"no-sidebar","site-content-layout":"page-builder","ast-site-content-layout":"default","site-content-style":"default","site-sidebar-style":"default","ast-global-header-display":"","ast-banner-title-visibility":"","ast-main-header-display":"","ast-hfb-above-header-display":"","ast-hfb-below-header-display":"","ast-hfb-mobile-header-display":"","site-post-title":"disabled","ast-breadcrumbs-content":"","ast-featured-img":"disabled","footer-sml-layout":"","ast-disable-related-posts":"","theme-transparent-header-meta":"","adv-header-id-meta":"","stick-header-meta":"","header-above-stick-meta":"","header-main-stick-meta":"","header-below-stick-meta":"","astra-migrate-meta-layouts":"default","ast-page-background-enabled":"default","ast-page-background-meta":{"desktop":{"background-color":"var(--ast-global-color-4)","background-image":"","background-repeat":"repeat","background-position":"center center","background-size":"auto","background-attachment":"scroll","background-type":"","background-media":"","overlay-type":"","overlay-color":"","overlay-opacity":"","overlay-gradient":""},"tablet":{"background-color":"","background-image":"","background-repeat":"repeat","background-position":"center center","background-size":"auto","background-attachment":"scroll","background-type":"","background-media":"","overlay-type":"","overlay-color":"","overlay-opacity":"","overlay-gradient":""},"mobile":{"background-color":"","background-image":"","background-repeat":"repeat","background-position":"center center","background-size":"auto","background-attachment":"scroll","background-type":"","background-media":"","overlay-type":"","overlay-color":"","overlay-opacity":"","overlay-gradient":""}},"ast-content-background-meta":{"desktop":{"background-color":"var(--ast-global-color-5)","background-image":"","background-repeat":"repeat","background-position":"center center","background-size":"auto","background-attachment":"scroll","background-type":"","background-media":"","overlay-type":"","overlay-color":"","overlay-opacity":"","overlay-gradient":""},"tablet":{"background-color":"var(--ast-global-color-5)","background-image":"","background-repeat":"repeat","background-position":"center center","background-size":"auto","background-attachment":"scroll","background-type":"","background-media":"","overlay-type":"","overlay-color":"","overlay-opacity":"","overlay-gradient":""},"mobile":{"background-color":"var(--ast-global-color-5)","background-image":"","background-repeat":"repeat","background-position":"center center","background-size":"auto","background-attachment":"scroll","background-type":"","background-media":"","overlay-type":"","overlay-color":"","overlay-opacity":"","overlay-gradient":""}},"footnotes":""},"class_list":["post-84","page","type-page","status-publish","hentry"],"_links":{"self":[{"href":"https:\/\/mumdn2022.mbuniverzitet.edu.rs\/en\/wp-json\/wp\/v2\/pages\/84","targetHints":{"allow":["GET"]}}],"collection":[{"href":"https:\/\/mumdn2022.mbuniverzitet.edu.rs\/en\/wp-json\/wp\/v2\/pages"}],"about":[{"href":"https:\/\/mumdn2022.mbuniverzitet.edu.rs\/en\/wp-json\/wp\/v2\/types\/page"}],"author":[{"embeddable":true,"href":"https:\/\/mumdn2022.mbuniverzitet.edu.rs\/en\/wp-json\/wp\/v2\/users\/1"}],"replies":[{"embeddable":true,"href":"https:\/\/mumdn2022.mbuniverzitet.edu.rs\/en\/wp-json\/wp\/v2\/comments?post=84"}],"version-history":[{"count":0,"href":"https:\/\/mumdn2022.mbuniverzitet.edu.rs\/en\/wp-json\/wp\/v2\/pages\/84\/revisions"}],"wp:attachment":[{"href":"https:\/\/mumdn2022.mbuniverzitet.edu.rs\/en\/wp-json\/wp\/v2\/media?parent=84"}],"curies":[{"name":"wp","href":"https:\/\/api.w.org\/{rel}","templated":true}]}}